{"id":19,"date":"2025-02-26T15:19:12","date_gmt":"2025-02-26T14:19:12","guid":{"rendered":"https:\/\/crayonsdelune.com\/?page_id=19"},"modified":"2025-03-03T16:40:05","modified_gmt":"2025-03-03T15:40:05","slug":"contact","status":"publish","type":"page","link":"https:\/\/crayonsdelune.com\/index.php\/contact\/","title":{"rendered":"Contact"},"content":{"rendered":"<style id=\"wpforms-css-vars-66\">\n\t\t\t\t#wpforms-66 {\n\t\t\t\t\n\t\t\t}\n\t\t\t<\/style><div class=\"wpforms-container wpforms-container-full wpforms-render-modern\" id=\"wpforms-66\"><form id=\"wpforms-form-66\" class=\"wpforms-validate wpforms-form wpforms-ajax-form\" data-formid=\"66\" method=\"post\" enctype=\"multipart\/form-data\" action=\"\/index.php\/wp-json\/wp\/v2\/pages\/19\" data-token=\"b2c432cadb74f7135831ac9fb5fb414c\" data-token-time=\"1776049849\"><noscript class=\"wpforms-error-noscript\">Veuillez activer JavaScript dans votre navigateur pour remplir ce formulaire.<\/noscript><div id=\"wpforms-error-noscript\" style=\"display: none;\">Veuillez activer JavaScript dans votre navigateur pour remplir ce formulaire.<\/div><div class=\"wpforms-field-container\">\t\t<div id=\"wpforms-66-field_5-container\"\n\t\t\tclass=\"wpforms-field wpforms-field-text\"\n\t\t\tdata-field-type=\"text\"\n\t\t\tdata-field-id=\"5\"\n\t\t\t>\n\t\t\t<label class=\"wpforms-field-label\" for=\"wpforms-66-field_5\" >Nom personnelles Commentaire<\/label>\n\t\t\t<input type=\"text\" id=\"wpforms-66-field_5\" class=\"wpforms-field-medium\" name=\"wpforms[fields][5]\" >\n\t\t<\/div>\n\t\t<div id=\"wpforms-66-field_1-container\" class=\"wpforms-field wpforms-field-name\" data-field-id=\"1\"><fieldset><legend class=\"wpforms-field-label\">Nom <span class=\"wpforms-required-label\" aria-hidden=\"true\">*<\/span><\/legend><div class=\"wpforms-field-row wpforms-field-medium\"><div class=\"wpforms-field-row-block wpforms-first wpforms-one-half\"><input type=\"text\" id=\"wpforms-66-field_1\" class=\"wpforms-field-name-first wpforms-field-required\" name=\"wpforms[fields][1][first]\" aria-errormessage=\"wpforms-66-field_1-error\" required><label for=\"wpforms-66-field_1\" class=\"wpforms-field-sublabel after\">Pr\u00e9nom<\/label><\/div><div class=\"wpforms-field-row-block wpforms-one-half\"><input type=\"text\" id=\"wpforms-66-field_1-last\" class=\"wpforms-field-name-last wpforms-field-required\" name=\"wpforms[fields][1][last]\" aria-errormessage=\"wpforms-66-field_1-last-error\" required><label for=\"wpforms-66-field_1-last\" class=\"wpforms-field-sublabel after\">Nom<\/label><\/div><\/div><\/fieldset><\/div><div id=\"wpforms-66-field_2-container\" class=\"wpforms-field wpforms-field-email\" data-field-id=\"2\"><label class=\"wpforms-field-label\" for=\"wpforms-66-field_2\">E-mail <span class=\"wpforms-required-label\" aria-hidden=\"true\">*<\/span><\/label><input type=\"email\" id=\"wpforms-66-field_2\" class=\"wpforms-field-medium wpforms-field-required\" name=\"wpforms[fields][2]\" spellcheck=\"false\" aria-errormessage=\"wpforms-66-field_2-error\" required><\/div><div id=\"wpforms-66-field_3-container\" class=\"wpforms-field wpforms-field-textarea\" data-field-id=\"3\"><label class=\"wpforms-field-label\" for=\"wpforms-66-field_3\">Commentaire ou message<\/label><textarea id=\"wpforms-66-field_3\" class=\"wpforms-field-medium\" name=\"wpforms[fields][3]\" aria-errormessage=\"wpforms-66-field_3-error\" ><\/textarea><\/div><div id=\"wpforms-66-field_4-container\" class=\"wpforms-field wpforms-field-gdpr-checkbox\" data-field-id=\"4\"><label class=\"wpforms-field-label\">Collecte des donn\u00e9es personnelles <span class=\"wpforms-required-label\" aria-hidden=\"true\">*<\/span><\/label><ul id=\"wpforms-66-field_4\" class=\"wpforms-field-required\"><li class=\"choice-1\"><input type=\"checkbox\" id=\"wpforms-66-field_4_1\" name=\"wpforms[fields][4][]\" value=\"Je consens \u00e0 ce que ce site stocke mes informations envoy\u00e9es afin qu\u2019ils puissent r\u00e9pondre \u00e0 ma requ\u00eate.\" aria-errormessage=\"wpforms-66-field_4_1-error\" required ><label class=\"wpforms-field-label-inline\" for=\"wpforms-66-field_4_1\">Je consens \u00e0 ce que ce site stocke mes informations envoy\u00e9es afin qu\u2019ils puissent r\u00e9pondre \u00e0 ma requ\u00eate.<\/label><\/li><\/ul><\/div><script>\n\t\t\t\t( function() {\n\t\t\t\t\tconst style = document.createElement( 'style' );\n\t\t\t\t\tstyle.appendChild( document.createTextNode( '#wpforms-66-field_5-container { position: absolute !important; overflow: hidden !important; display: inline !important; height: 1px !important; width: 1px !important; z-index: -1000 !important; padding: 0 !important; } #wpforms-66-field_5-container input { visibility: hidden; } #wpforms-conversational-form-page #wpforms-66-field_5-container label { counter-increment: none; }' ) );\n\t\t\t\t\tdocument.head.appendChild( style );\n\t\t\t\t\tdocument.currentScript?.remove();\n\t\t\t\t} )();\n\t\t\t<\/script><\/div><!-- .wpforms-field-container --><div class=\"wpforms-submit-container\" ><input type=\"hidden\" name=\"wpforms[id]\" value=\"66\"><input type=\"hidden\" name=\"page_title\" value=\"\"><input type=\"hidden\" name=\"page_url\" value=\"https:\/\/crayonsdelune.com\/index.php\/wp-json\/wp\/v2\/pages\/19\"><input type=\"hidden\" name=\"url_referer\" value=\"\"><button type=\"submit\" name=\"wpforms[submit]\" id=\"wpforms-submit-66\" class=\"wpforms-submit\" data-alt-text=\"Envoi...\" data-submit-text=\"Envoyer\" aria-live=\"assertive\" value=\"wpforms-submit\">Envoyer<\/button><img loading=\"lazy\" decoding=\"async\" src=\"https:\/\/crayonsdelune.com\/wp-content\/plugins\/wpforms-lite\/assets\/images\/submit-spin.svg\" class=\"wpforms-submit-spinner\" style=\"display: none;\" width=\"26\" height=\"26\" alt=\"Chargement en cours\"><\/div><\/form><\/div>  <!-- .wpforms-container -->\n","protected":false},"excerpt":{"rendered":"","protected":false},"author":1,"featured_media":0,"parent":0,"menu_order":4,"comment_status":"closed","ping_status":"closed","template":"","meta":{"footnotes":""},"class_list":["post-19","page","type-page","status-publish","hentry"],"yoast_head":"<!-- This site is optimized with the Yoast SEO plugin v26.9 - https:\/\/yoast.com\/product\/yoast-seo-wordpress\/ -->\n<title>Contact - Crayons de Lune<\/title>\n<meta name=\"robots\" content=\"index, follow, max-snippet:-1, max-image-preview:large, max-video-preview:-1\" \/>\n<link rel=\"canonical\" href=\"https:\/\/crayonsdelune.com\/index.php\/contact\/\" \/>\n<meta property=\"og:locale\" content=\"fr_FR\" \/>\n<meta property=\"og:type\" content=\"article\" \/>\n<meta property=\"og:title\" content=\"Contact - Crayons de Lune\" \/>\n<meta property=\"og:url\" content=\"https:\/\/crayonsdelune.com\/index.php\/contact\/\" \/>\n<meta property=\"og:site_name\" content=\"Crayons de Lune\" \/>\n<meta property=\"article:modified_time\" content=\"2025-03-03T15:40:05+00:00\" \/>\n<meta name=\"twitter:card\" content=\"summary_large_image\" \/>\n<script type=\"application\/ld+json\" class=\"yoast-schema-graph\">{\"@context\":\"https:\/\/schema.org\",\"@graph\":[{\"@type\":\"WebPage\",\"@id\":\"https:\/\/crayonsdelune.com\/index.php\/contact\/\",\"url\":\"https:\/\/crayonsdelune.com\/index.php\/contact\/\",\"name\":\"Contact - Crayons de Lune\",\"isPartOf\":{\"@id\":\"https:\/\/crayonsdelune.com\/#website\"},\"datePublished\":\"2025-02-26T14:19:12+00:00\",\"dateModified\":\"2025-03-03T15:40:05+00:00\",\"breadcrumb\":{\"@id\":\"https:\/\/crayonsdelune.com\/index.php\/contact\/#breadcrumb\"},\"inLanguage\":\"fr-FR\",\"potentialAction\":[{\"@type\":\"ReadAction\",\"target\":[\"https:\/\/crayonsdelune.com\/index.php\/contact\/\"]}]},{\"@type\":\"BreadcrumbList\",\"@id\":\"https:\/\/crayonsdelune.com\/index.php\/contact\/#breadcrumb\",\"itemListElement\":[{\"@type\":\"ListItem\",\"position\":1,\"name\":\"Accueil\",\"item\":\"https:\/\/crayonsdelune.com\/\"},{\"@type\":\"ListItem\",\"position\":2,\"name\":\"Contact\"}]},{\"@type\":\"WebSite\",\"@id\":\"https:\/\/crayonsdelune.com\/#website\",\"url\":\"https:\/\/crayonsdelune.com\/\",\"name\":\"Crayons de Lune\",\"description\":\"pour faire rayonner vos projets\",\"publisher\":{\"@id\":\"https:\/\/crayonsdelune.com\/#organization\"},\"potentialAction\":[{\"@type\":\"SearchAction\",\"target\":{\"@type\":\"EntryPoint\",\"urlTemplate\":\"https:\/\/crayonsdelune.com\/?s={search_term_string}\"},\"query-input\":{\"@type\":\"PropertyValueSpecification\",\"valueRequired\":true,\"valueName\":\"search_term_string\"}}],\"inLanguage\":\"fr-FR\"},{\"@type\":\"Organization\",\"@id\":\"https:\/\/crayonsdelune.com\/#organization\",\"name\":\"Crayons de Lune\",\"url\":\"https:\/\/crayonsdelune.com\/\",\"logo\":{\"@type\":\"ImageObject\",\"inLanguage\":\"fr-FR\",\"@id\":\"https:\/\/crayonsdelune.com\/#\/schema\/logo\/image\/\",\"url\":\"https:\/\/crayonsdelune.com\/wp-content\/uploads\/2025\/03\/Plan-de-travail-3.png\",\"contentUrl\":\"https:\/\/crayonsdelune.com\/wp-content\/uploads\/2025\/03\/Plan-de-travail-3.png\",\"width\":420,\"height\":298,\"caption\":\"Crayons de Lune\"},\"image\":{\"@id\":\"https:\/\/crayonsdelune.com\/#\/schema\/logo\/image\/\"},\"sameAs\":[\"https:\/\/www.instagram.com\/c_rayons_de_lune\/\"]}]}<\/script>\n<!-- \/ Yoast SEO plugin. -->","yoast_head_json":{"title":"Contact - Crayons de Lune","robots":{"index":"index","follow":"follow","max-snippet":"max-snippet:-1","max-image-preview":"max-image-preview:large","max-video-preview":"max-video-preview:-1"},"canonical":"https:\/\/crayonsdelune.com\/index.php\/contact\/","og_locale":"fr_FR","og_type":"article","og_title":"Contact - Crayons de Lune","og_url":"https:\/\/crayonsdelune.com\/index.php\/contact\/","og_site_name":"Crayons de Lune","article_modified_time":"2025-03-03T15:40:05+00:00","twitter_card":"summary_large_image","schema":{"@context":"https:\/\/schema.org","@graph":[{"@type":"WebPage","@id":"https:\/\/crayonsdelune.com\/index.php\/contact\/","url":"https:\/\/crayonsdelune.com\/index.php\/contact\/","name":"Contact - Crayons de Lune","isPartOf":{"@id":"https:\/\/crayonsdelune.com\/#website"},"datePublished":"2025-02-26T14:19:12+00:00","dateModified":"2025-03-03T15:40:05+00:00","breadcrumb":{"@id":"https:\/\/crayonsdelune.com\/index.php\/contact\/#breadcrumb"},"inLanguage":"fr-FR","potentialAction":[{"@type":"ReadAction","target":["https:\/\/crayonsdelune.com\/index.php\/contact\/"]}]},{"@type":"BreadcrumbList","@id":"https:\/\/crayonsdelune.com\/index.php\/contact\/#breadcrumb","itemListElement":[{"@type":"ListItem","position":1,"name":"Accueil","item":"https:\/\/crayonsdelune.com\/"},{"@type":"ListItem","position":2,"name":"Contact"}]},{"@type":"WebSite","@id":"https:\/\/crayonsdelune.com\/#website","url":"https:\/\/crayonsdelune.com\/","name":"Crayons de Lune","description":"pour faire rayonner vos projets","publisher":{"@id":"https:\/\/crayonsdelune.com\/#organization"},"potentialAction":[{"@type":"SearchAction","target":{"@type":"EntryPoint","urlTemplate":"https:\/\/crayonsdelune.com\/?s={search_term_string}"},"query-input":{"@type":"PropertyValueSpecification","valueRequired":true,"valueName":"search_term_string"}}],"inLanguage":"fr-FR"},{"@type":"Organization","@id":"https:\/\/crayonsdelune.com\/#organization","name":"Crayons de Lune","url":"https:\/\/crayonsdelune.com\/","logo":{"@type":"ImageObject","inLanguage":"fr-FR","@id":"https:\/\/crayonsdelune.com\/#\/schema\/logo\/image\/","url":"https:\/\/crayonsdelune.com\/wp-content\/uploads\/2025\/03\/Plan-de-travail-3.png","contentUrl":"https:\/\/crayonsdelune.com\/wp-content\/uploads\/2025\/03\/Plan-de-travail-3.png","width":420,"height":298,"caption":"Crayons de Lune"},"image":{"@id":"https:\/\/crayonsdelune.com\/#\/schema\/logo\/image\/"},"sameAs":["https:\/\/www.instagram.com\/c_rayons_de_lune\/"]}]}},"_links":{"self":[{"href":"https:\/\/crayonsdelune.com\/index.php\/wp-json\/wp\/v2\/pages\/19","targetHints":{"allow":["GET"]}}],"collection":[{"href":"https:\/\/crayonsdelune.com\/index.php\/wp-json\/wp\/v2\/pages"}],"about":[{"href":"https:\/\/crayonsdelune.com\/index.php\/wp-json\/wp\/v2\/types\/page"}],"author":[{"embeddable":true,"href":"https:\/\/crayonsdelune.com\/index.php\/wp-json\/wp\/v2\/users\/1"}],"replies":[{"embeddable":true,"href":"https:\/\/crayonsdelune.com\/index.php\/wp-json\/wp\/v2\/comments?post=19"}],"version-history":[{"count":2,"href":"https:\/\/crayonsdelune.com\/index.php\/wp-json\/wp\/v2\/pages\/19\/revisions"}],"predecessor-version":[{"id":69,"href":"https:\/\/crayonsdelune.com\/index.php\/wp-json\/wp\/v2\/pages\/19\/revisions\/69"}],"wp:attachment":[{"href":"https:\/\/crayonsdelune.com\/index.php\/wp-json\/wp\/v2\/media?parent=19"}],"curies":[{"name":"wp","href":"https:\/\/api.w.org\/{rel}","templated":true}]}}